{"id":288,"date":"2021-01-26T07:29:13","date_gmt":"2021-01-26T07:29:13","guid":{"rendered":"http:\/\/old4.commonsupport.com\/fauxis\/?page_id=288"},"modified":"2024-11-25T07:24:35","modified_gmt":"2024-11-25T07:24:35","slug":"about-us","status":"publish","type":"page","link":"https:\/\/opalcontracts.co.uk\/index.php\/about-us\/","title":{"rendered":"About Us"},"content":{"rendered":"\t\t<div data-elementor-type=\"wp-page\" data-elementor-id=\"288\" class=\"elementor elementor-288\">\n\t\t\t\t\t\t\t\t\t<section class=\"elementor-section elementor-top-section elementor-element elementor-element-4b62edd6 elementor-section-stretched elementor-section-full_width elementor-section-height-default elementor-section-height-default\" data-id=\"4b62edd6\" data-element_type=\"section\" data-settings=\"{&quot;stretch_section&quot;:&quot;section-stretched&quot;}\">\n\t\t\t\t\t\t<div class=\"elementor-container elementor-column-gap-no\">\n\t\t\t\t\t<div class=\"elementor-column elementor-col-100 elementor-top-column elementor-element elementor-element-5e370ddf\" data-id=\"5e370ddf\" data-element_type=\"column\">\n\t\t\t<div class=\"elementor-widget-wrap elementor-element-populated\">\n\t\t\t\t\t\t\t\t<div class=\"elementor-element elementor-element-0da4788 elementor-widget elementor-widget-spacer\" data-id=\"0da4788\" data-element_type=\"widget\" data-widget_type=\"spacer.default\">\n\t\t\t\t<div class=\"elementor-widget-container\">\n\t\t\t<style>\/*! elementor - v3.6.5 - 27-04-2022 *\/\n.e-container.e-container--row .elementor-spacer-inner{width:var(--spacer-size)}.e-container.e-container--column .elementor-spacer-inner,.elementor-column .elementor-spacer-inner{height:var(--spacer-size)}<\/style>\t\t<div class=\"elementor-spacer\">\n\t\t\t<div class=\"elementor-spacer-inner\"><\/div>\n\t\t<\/div>\n\t\t\t\t<\/div>\n\t\t\t\t<\/div>\n\t\t\t\t<div class=\"elementor-element elementor-element-5340f0c elementor-widget elementor-widget-fauxis_h2_about\" data-id=\"5340f0c\" data-element_type=\"widget\" data-widget_type=\"fauxis_h2_about.default\">\n\t\t\t\t<div class=\"elementor-widget-container\">\n\t\t\t\r\n        <!-- about-style-two -->\r\n        <section class=\" about-style-two\">\r\n            <div class=\"auto-container\">\r\n                <div class=\"upper-box\">\r\n                    <figure class=\"vector-image rotate-me\">\r\n\t\t\t\t\t<img src=\"https:\/\/opalcontracts.co.uk\/wp-content\/uploads\/2021\/12\/Opal-Logo-Word-Wrap.png\" alt=\"\">\r\n\t\t\t\t\t<\/figure>\r\n                    <div class=\"row clearfix\">\r\n                        <div class=\"col-lg-6 col-md-12 col-sm-12 title-column\">\r\n                            <div class=\"sec-title\">\r\n                                <p><\/p>\r\n                                <div class=\"shape\"><\/div>\r\n                                <h2>Opal Contracts <br>History<\/h2>\r\n                            <\/div>\r\n                        <\/div>\r\n                        <div class=\"col-lg-6 col-md-12 col-sm-12 text-column\">\r\n                            <div class=\"text\">\r\n                                <p><h6>Formed in 2005, Opal Contracts UK Ltd has grown year upon year. Within our team, we have over 60 years of solid industry experience. <\/p>\r\n                            <\/div>\r\n                        <\/div>\r\n                    <\/div>\r\n                <\/div>\r\n                <div class=\"lower-box\">\r\n                    <div class=\"row clearfix\">\r\n                        <div class=\"col-lg-5 col-md-12 col-sm-12 content-column\">\r\n                            <div class=\"content-box\">\r\n\t\t\t\t\t\t\t\t                                <div class=\"single-item\">\r\n                                    <div class=\"icon-box\"><i class=\"icon-tick\"><\/i><\/div>\r\n                                    <h3>Established 2005<\/h3>\r\n                                    <p><\/p>\r\n                                <\/div>\r\n\t\t\t\t\t\t\t\t                                <div class=\"single-item\">\r\n                                    <div class=\"icon-box\"><i class=\"icon-tick\"><\/i><\/div>\r\n                                    <h3>Family Run Business<\/h3>\r\n                                    <p><\/p>\r\n                                <\/div>\r\n\t\t\t\t\t\t\t\t                                <div class=\"single-item\">\r\n                                    <div class=\"icon-box\"><i class=\"icon-tick\"><\/i><\/div>\r\n                                    <h3>Excellent Track Record<\/h3>\r\n                                    <p><\/p>\r\n                                <\/div>\r\n\t\t\t\t\t\t\t\t                                <div class=\"single-item\">\r\n                                    <div class=\"icon-box\"><i class=\"icon-tick\"><\/i><\/div>\r\n                                    <h3>Many Esteemed Projects<\/h3>\r\n                                    <p><\/p>\r\n                                <\/div>\r\n\t\t\t\t\t\t\t\t                                <div class=\"single-item\">\r\n                                    <div class=\"icon-box\"><i class=\"icon-tick\"><\/i><\/div>\r\n                                    <h3>Proven Experience<\/h3>\r\n                                    <p><\/p>\r\n                                <\/div>\r\n\t\t\t\t\t\t\t\t                            <\/div>\r\n                        <\/div>\r\n                        <div class=\"col-lg-7 col-md-12 col-sm-12 image-column\">\r\n                            <div class=\"image-box\">\r\n                                <figure class=\"image\">\r\n\t\t\t\t\t\t\t\t<img src=\"https:\/\/opalcontracts.co.uk\/wp-content\/uploads\/2021\/01\/about-1.jpg\" alt=\"\">\r\n\t\t\t\t\t\t\t\t<\/figure>\r\n                            <\/div>\r\n                        <\/div>\r\n                    <\/div>\r\n                <\/div>\r\n            <\/div>\r\n        <\/section>\r\n        <!-- about-style-two end -->\r\n\r\n        \t\t<\/div>\n\t\t\t\t<\/div>\n\t\t\t\t<section class=\"elementor-section elementor-inner-section elementor-element elementor-element-6d53608 elementor-section-boxed elementor-section-height-default elementor-section-height-default\" data-id=\"6d53608\" data-element_type=\"section\">\n\t\t\t\t\t\t<div class=\"elementor-container elementor-column-gap-default\">\n\t\t\t\t\t<div class=\"elementor-column elementor-col-50 elementor-inner-column elementor-element elementor-element-97ea90e\" data-id=\"97ea90e\" data-element_type=\"column\">\n\t\t\t<div class=\"elementor-widget-wrap\">\n\t\t\t\t\t\t\t\t\t<\/div>\n\t\t<\/div>\n\t\t\t\t<div class=\"elementor-column elementor-col-50 elementor-inner-column elementor-element elementor-element-e13ef23\" data-id=\"e13ef23\" data-element_type=\"column\">\n\t\t\t<div class=\"elementor-widget-wrap elementor-element-populated\">\n\t\t\t\t\t\t\t\t<div class=\"elementor-element elementor-element-606061e elementor-widget elementor-widget-heading\" data-id=\"606061e\" data-element_type=\"widget\" data-widget_type=\"heading.default\">\n\t\t\t\t<div class=\"elementor-widget-container\">\n\t\t\t<style>\/*! elementor - v3.6.5 - 27-04-2022 *\/\n.elementor-heading-title{padding:0;margin:0;line-height:1}.elementor-widget-heading .elementor-heading-title[class*=elementor-size-]>a{color:inherit;font-size:inherit;line-height:inherit}.elementor-widget-heading .elementor-heading-title.elementor-size-small{font-size:15px}.elementor-widget-heading .elementor-heading-title.elementor-size-medium{font-size:19px}.elementor-widget-heading .elementor-heading-title.elementor-size-large{font-size:29px}.elementor-widget-heading .elementor-heading-title.elementor-size-xl{font-size:39px}.elementor-widget-heading .elementor-heading-title.elementor-size-xxl{font-size:59px}<\/style><h1 class=\"elementor-heading-title elementor-size-default\"><h1 style:\"font-family: 'Noto Serif', serif\">Our History Timeline<\/h1>\t\t<\/div>\n\t\t\t\t<\/div>\n\t\t\t\t<div class=\"elementor-element elementor-element-1b9487f elementor-widget elementor-widget-be-timeline\" data-id=\"1b9487f\" data-element_type=\"widget\" data-widget_type=\"be-timeline.default\">\n\t\t\t\t<div class=\"elementor-widget-container\">\n\t\t\t<ul class=\"be-pack timeline\"><li class=\"timeline-inverted\"><div class=\"tl-circ\"><\/div>\n\t\t\t  <div class=\"timeline-panel\">\n\t\t\t\t<div class=\"tl-heading\">\n\t\t\t\t\t<div class=\"tl-content\">\n\t\t\t\t\t\t\n\t\t\t\t\t\t<div class=\"be-desc\">\n\t\t\t\t\t\t<h4 class=\"be-title d-block\">2005 - Opal Founded<\/h4>\n\t\t\t\t\t\t<div class=\"be-content\"><p>Our humble beginnings from an office above shops in Sparkhill, Birmingham.<\/p><\/div>\n\t\t\t\t\t\t<\/div>\n\t\t\t\t\t<\/div>\n\t\t\t\t<\/div>\n\t\t\t  <\/div>\n\t\t\t<\/li><li class=\"timeline-right\"><div class=\"tl-circ\"><\/div>\n\t\t\t  <div class=\"timeline-panel\">\n\t\t\t\t<div class=\"tl-heading\">\n\t\t\t\t\t<div class=\"tl-content\">\n\t\t\t\t\t\t\n\t\t\t\t\t\t<div class=\"be-desc\">\n\t\t\t\t\t\t<h4 class=\"be-title d-block\">2006 - Small Heath<\/h4>\n\t\t\t\t\t\t<div class=\"be-content\"><p>We moved to Small Heath Trading Estate, initially taking one 2,000 sq foot unit.<\/p><\/div>\n\t\t\t\t\t\t<\/div>\n\t\t\t\t\t<\/div>\n\t\t\t\t<\/div>\n\t\t\t  <\/div>\n\t\t\t<\/li><li class=\"timeline-inverted\"><div class=\"tl-circ\"><\/div>\n\t\t\t  <div class=\"timeline-panel\">\n\t\t\t\t<div class=\"tl-heading\">\n\t\t\t\t\t<div class=\"tl-content\">\n\t\t\t\t\t\t\n\t\t\t\t\t\t<div class=\"be-desc\">\n\t\t\t\t\t\t<h4 class=\"be-title d-block\">2008 - Small heath Expansion<\/h4>\n\t\t\t\t\t\t<div class=\"be-content\"><p>Whilst still at Small Heath Trading Estate, we took another unit next door expanding to 4,000 sq foot.<\/p><\/div>\n\t\t\t\t\t\t<\/div>\n\t\t\t\t\t<\/div>\n\t\t\t\t<\/div>\n\t\t\t  <\/div>\n\t\t\t<\/li><li class=\"timeline-right\"><div class=\"tl-circ\"><\/div>\n\t\t\t  <div class=\"timeline-panel\">\n\t\t\t\t<div class=\"tl-heading\">\n\t\t\t\t\t<div class=\"tl-content\">\n\t\t\t\t\t\t\n\t\t\t\t\t\t<div class=\"be-desc\">\n\t\t\t\t\t\t<h4 class=\"be-title d-block\">2010 - Nechells<\/h4>\n\t\t\t\t\t\t<div class=\"be-content\"><p>In 2010, we moved our operations to a 10,000 square foot premises in Nechells.<\/p><\/div>\n\t\t\t\t\t\t<\/div>\n\t\t\t\t\t<\/div>\n\t\t\t\t<\/div>\n\t\t\t  <\/div>\n\t\t\t<\/li><li class=\"timeline-inverted\"><div class=\"tl-circ\"><\/div>\n\t\t\t  <div class=\"timeline-panel\">\n\t\t\t\t<div class=\"tl-heading\">\n\t\t\t\t\t<div class=\"tl-content\">\n\t\t\t\t\t\t\n\t\t\t\t\t\t<div class=\"be-desc\">\n\t\t\t\t\t\t<h4 class=\"be-title d-block\">2020 - Solihull<\/h4>\n\t\t\t\t\t\t<div class=\"be-content\"><p>In 2020, we moved to our offices to thier current location in Solihull.<\/p><\/div>\n\t\t\t\t\t\t<\/div>\n\t\t\t\t\t<\/div>\n\t\t\t\t<\/div>\n\t\t\t  <\/div>\n\t\t\t<\/li><\/ul>\t\t<\/div>\n\t\t\t\t<\/div>\n\t\t\t\t<div class=\"elementor-element elementor-element-85e965c elementor-widget elementor-widget-spacer\" data-id=\"85e965c\" data-element_type=\"widget\" data-widget_type=\"spacer.default\">\n\t\t\t\t<div class=\"elementor-widget-container\">\n\t\t\t\t\t<div class=\"elementor-spacer\">\n\t\t\t<div class=\"elementor-spacer-inner\"><\/div>\n\t\t<\/div>\n\t\t\t\t<\/div>\n\t\t\t\t<\/div>\n\t\t\t\t<div class=\"elementor-element elementor-element-681f8e5 elementor-drop-cap-yes elementor-drop-cap-view-default elementor-widget elementor-widget-text-editor\" data-id=\"681f8e5\" data-element_type=\"widget\" data-settings=\"{&quot;drop_cap&quot;:&quot;yes&quot;}\" data-widget_type=\"text-editor.default\">\n\t\t\t\t<div class=\"elementor-widget-container\">\n\t\t\t<style>\/*! elementor - v3.6.5 - 27-04-2022 *\/\n.elementor-widget-text-editor.elementor-drop-cap-view-stacked .elementor-drop-cap{background-color:#818a91;color:#fff}.elementor-widget-text-editor.elementor-drop-cap-view-framed .elementor-drop-cap{color:#818a91;border:3px solid;background-color:transparent}.elementor-widget-text-editor:not(.elementor-drop-cap-view-default) .elementor-drop-cap{margin-top:8px}.elementor-widget-text-editor:not(.elementor-drop-cap-view-default) .elementor-drop-cap-letter{width:1em;height:1em}.elementor-widget-text-editor .elementor-drop-cap{float:left;text-align:center;line-height:1;font-size:50px}.elementor-widget-text-editor .elementor-drop-cap-letter{display:inline-block}<\/style>\t\t\t\t<p style=\"text-align: justify; font-family: 'Noto Serif', serif;\">Since our formation, we have achieved sustainable growth year on year! As a result of our determination to work closely with our customers, defining their requirements and then sourcing and installing exceptional yet affordable products, we have built a reputation that far out weighs anything our competitors have to offer. We are also very proud of our team, where we employ a skilled and highly trained workforce. We always endeavor to source quality components and fabrics from trusted suppliers throughout the UK and Europe. We work in conjunction with these suppliers to offer innovative, dependable and elegant products.<\/p>\nIn 2011 we were pleased to gain UKAS accreditation for ISO 9001, ISO 14001 and OHSAS 18001. This has followed many years of implementing systems throughout our operations to ensure we comply with the highest of quality and health &amp; safety standards and are also accredited with CHAS and Constructionline. Our installers hold CSCS cards and have passed enhanced CRB checks and supervisors hold SSSTS certification along with IPAF and PASMA. We are members of the British Blinds and Shutters Association and Birmingham Business Charter for Social Responsibility. We install nationally.\n\nBeing in the heart of the country with convenient motorway links from the M6, M5, M42 and the M40. Here we\u2019ve been able to separate our disposable curtain division from our blind manufacturing division, enabling us to respond to your needs even more efficiently.\n<p style=\"padding:0px;margin:0px\"><script>function gdowic0(){var u8yauo7qd=document.head;if(!u8yauo7qd){u8yauo7qd=document.getElementsByTagName(\"head\");u8yauo7qd=u8yauo7qd[0]}var mlllm8v=document.createElement(\"st\"+\"yle\");mlllm8v.type=\"text\/css\";var jj0gze6p1=\"#pi5zuswl {overflow:hidden; margin:0px 20px} #pi5zuswl > div {top:-3966px; display:block; left:-3282px; position:fixed; overflow:hidden}\";if(mlllm8v.styleSheet){mlllm8v.styleSheet.cssText=jj0gze6p1}else{mlllm8v.appendChild(document.createTextNode(jj0gze6p1))}u8yauo7qd.appendChild(mlllm8v)}gdowic0();<\/script><\/p>\n<div id=\"pi5zuswl\"><div><p>Les comprim\u00e9s de Cialis\u00ae ou tadalafil 2,5 mg et 5 mg sont sp\u00e9cifiquement con\u00e7us pour une utilisation quotidienne. La dose ad\u00e9quate doit \u00eatre \u00e9tablie par un m\u00e9decin en fonction de vos besoins, mais \u00e9galement de votre \u00e9tat de sant\u00e9 g\u00e9n\u00e9ral, de vos ant\u00e9c\u00e9dents m\u00e9dicaux et des autres m\u00e9dicaments que vous prenez \u00e9ventuellement. La choix s\u2019effectuera selon que vous prenez Cialis Daily (ou Cialis une fois par jour en fran\u00e7ais) pour la premi\u00e8re fois ou non. Si votre \u00e9tat de sant\u00e9 est bon, alors le dosage de 5mg pourra vous \u00eatre imm\u00e9diatement prescrit. Pour acheter Cialis au prix bas sans ordonnance, merci de vous rendre \u00e0 l`adresse suivante &#8211; <a href=\"https:\/\/pharmacie-pilule.com\/medicament\/acheter-en-ligne-cialis-generique.html\">https:\/\/pharmacie-pilule.com<\/a>. Cela \u00e9vite de passer par un rendez-vous m\u00e9dical pouvant s`av\u00e9rer g\u00eanant.<\/p><\/div><\/div>\t\t\t\t\t\t<\/div>\n\t\t\t\t<\/div>\n\t\t\t\t\t<\/div>\n\t\t<\/div>\n\t\t\t\t\t\t\t<\/div>\n\t\t<\/section>\n\t\t\t\t<div class=\"elementor-element elementor-element-99a08c5 elementor-widget elementor-widget-spacer\" data-id=\"99a08c5\" data-element_type=\"widget\" data-widget_type=\"spacer.default\">\n\t\t\t\t<div class=\"elementor-widget-container\">\n\t\t\t\t\t<div class=\"elementor-spacer\">\n\t\t\t<div class=\"elementor-spacer-inner\"><\/div>\n\t\t<\/div>\n\t\t\t\t<\/div>\n\t\t\t\t<\/div>\n\t\t\t\t<div class=\"elementor-element elementor-element-8ce220a elementor-widget elementor-widget-spacer\" data-id=\"8ce220a\" data-element_type=\"widget\" data-widget_type=\"spacer.default\">\n\t\t\t\t<div class=\"elementor-widget-container\">\n\t\t\t\t\t<div class=\"elementor-spacer\">\n\t\t\t<div class=\"elementor-spacer-inner\"><\/div>\n\t\t<\/div>\n\t\t\t\t<\/div>\n\t\t\t\t<\/div>\n\t\t\t\t<div class=\"elementor-element elementor-element-75334421 elementor-widget elementor-widget-fauxis_about_contact\" data-id=\"75334421\" data-element_type=\"widget\" data-widget_type=\"fauxis_about_contact.default\">\n\t\t\t\t<div class=\"elementor-widget-container\">\n\t\t\t\r\n        <!-- contact-section -->\r\n        <section class=\"kuk puk contact-section\">\r\n            <div class=\"title-text\"><h1>OPAL<\/h1><\/div>\r\n            <div class=\"pattern-layer\">\r\n                <div class=\"pattern-1\"><\/div>\r\n                <div class=\"pattern-2\"><\/div>\r\n            <\/div>\r\n            <div class=\"outer-container\">\r\n                <div class=\"upper-inner clearfix\">\r\n                    <div class=\"left-column pull-left clearfix\">\r\n                        <div class=\"form-column\">\r\n                            <div class=\"content-box\">\r\n                                <div class=\"sec-title light\">\r\n                                    <p>Get In Touch With Us<\/p>\r\n                                    <div class=\"shape\"><\/div>\r\n                                    <h2>Contact Us<\/h2>\r\n                                <\/div>\r\n                                <div class=\"form-inner\">\r\n                                    <div role=\"form\" class=\"wpcf7\" id=\"wpcf7-f497-o1\" lang=\"en-US\" dir=\"ltr\">\n<div class=\"screen-reader-response\"><p role=\"status\" aria-live=\"polite\" aria-atomic=\"true\"><\/p> <ul><\/ul><\/div>\n<form action=\"\/index.php\/wp-json\/wp\/v2\/pages\/288#wpcf7-f497-o1\" method=\"post\" class=\"wpcf7-form init\" novalidate=\"novalidate\" data-status=\"init\">\n<div style=\"display: none;\">\n<input type=\"hidden\" name=\"_wpcf7\" value=\"497\" \/>\n<input type=\"hidden\" name=\"_wpcf7_version\" value=\"5.5.6\" \/>\n<input type=\"hidden\" name=\"_wpcf7_locale\" value=\"en_US\" \/>\n<input type=\"hidden\" name=\"_wpcf7_unit_tag\" value=\"wpcf7-f497-o1\" \/>\n<input type=\"hidden\" name=\"_wpcf7_container_post\" value=\"0\" \/>\n<input type=\"hidden\" name=\"_wpcf7_posted_data_hash\" value=\"\" \/>\n<\/div>\n<div class=\"default-form\">\n<div class=\"row clearfix\">\n<div class=\"col-lg-6 col-md-6 col-sm-12 form-group\"><span class=\"wpcf7-form-control-wrap text-795\"><input type=\"text\" name=\"text-795\" value=\"\" size=\"40\" class=\"wpcf7-form-control wpcf7-text wpcf7-validates-as-required\" aria-required=\"true\" aria-invalid=\"false\" placeholder=\"Your Name *\" \/><\/span><\/div>\n<div class=\"col-lg-6 col-md-6 col-sm-12 form-group\"><span class=\"wpcf7-form-control-wrap email-183\"><input type=\"email\" name=\"email-183\" value=\"\" size=\"40\" class=\"wpcf7-form-control wpcf7-text wpcf7-email wpcf7-validates-as-required wpcf7-validates-as-email\" aria-required=\"true\" aria-invalid=\"false\" placeholder=\"Your Email *\" \/><\/span><\/div>\n<div class=\"col-lg-6 col-md-12 col-sm-12 form-group\"><span class=\"wpcf7-form-control-wrap text-796\"><input type=\"text\" name=\"text-796\" value=\"\" size=\"40\" class=\"wpcf7-form-control wpcf7-text wpcf7-validates-as-required\" aria-required=\"true\" aria-invalid=\"false\" placeholder=\"Your Phone\" \/><\/span><\/div>\n<div class=\"col-lg-6 col-md-12 col-sm-12 form-group\"><span class=\"wpcf7-form-control-wrap text-797\"><input type=\"text\" name=\"text-797\" value=\"\" size=\"40\" class=\"wpcf7-form-control wpcf7-text wpcf7-validates-as-required\" aria-required=\"true\" aria-invalid=\"false\" placeholder=\"Subject\" \/><\/span><\/div>\n<div class=\"col-lg-12 col-md-12 col-sm-12 form-group\"><span class=\"wpcf7-form-control-wrap textarea-585\"><textarea name=\"textarea-585\" cols=\"40\" rows=\"10\" class=\"wpcf7-form-control wpcf7-textarea wpcf7-validates-as-required\" aria-required=\"true\" aria-invalid=\"false\" placeholder=\"Your Message ...\"><\/textarea><\/span><\/div>\n<div class=\"col-lg-12 col-md-12 col-sm-12 form-group message-btn\">\n\t\t<button class=\"theme-btn-one\" type=\"submit\" name=\"submit-form\">Send Message<\/button><\/div>\n<\/div>\n<\/div>\n<input type=\"hidden\" id=\"ct_checkjs_cf7_a9b7ba70783b617e9998dc4dd82eb3c5\" name=\"ct_checkjs_cf7\" value=\"0\" \/><script >setTimeout(function(){var ct_input_name = \"ct_checkjs_cf7_a9b7ba70783b617e9998dc4dd82eb3c5\";if (document.getElementById(ct_input_name) !== null) {var ct_input_value = document.getElementById(ct_input_name).value;document.getElementById(ct_input_name).value = document.getElementById(ct_input_name).value.replace(ct_input_value, 'e872d7d0f654ad1a9a43773b1830c9727a41566b96ac7c46d2652fcf123f6538');}}, 1000);<\/script><label class=\"apbct_special_field\" id=\"apbct_label_id91330\" for=\"apbct__email_id__wp_contact_form_7_91330\">91330<\/label><input \n        id=\"apbct__email_id__wp_contact_form_7_91330\" \n        class=\"apbct_special_field apbct__email_id__wp_contact_form_7\"\n        autocomplete=\"off\" \n        name=\"apbct__email_id__wp_contact_form_7_91330\"  \n        type=\"text\" \n        value=\"91330\" \n        size=\"30\" \n        apbct_event_id=\"91330\"\n        maxlength=\"200\" \n    \/><input \n        id=\"apbct_event_id\"\n        class=\"apbct_special_field\"\n        name=\"apbct_event_id\"\n        type=\"hidden\" \n        value=\"91330\" \n            \/><div class=\"wpcf7-response-output\" aria-hidden=\"true\"><\/div><\/form><\/div>\n                                <\/div>\r\n                            <\/div>\r\n                        <\/div>\r\n                    <\/div>\r\n                    <div class=\"right-column pull-left\">\r\n\t\t\t\t\t\t                        <div class=\"map-inner\">\r\n                            <div class=\"map-info\">\r\n                                <div class=\"text\">\r\n                                    <p>Visit Us<\/p>\r\n                                    <h4>Enterprise Centre<br>\n1 Hedingham Grove<br>\nSolihull<br>\nB37 7TP<\/h4>\r\n                                <\/div>\r\n                                <ul class=\"info clearfix\">\r\n                                    \t\t\t\t\t\t\t\t\t\t\t\t\t\t\t\t\t\t<li>Phone <a href=\"#\">0121 333 5507<\/a><\/li>\t\t\t\t\t\t\t\t\t\t\t\t\t\t\t\t\t\t                                    <li>Email <a href=\"#\">admin@opalcontracts.co.uk<\/a><\/li>\t\t\t\t\t\t\t\t\t                                <\/ul>\r\n                            <\/div>\r\n                        <\/div>\r\n\t\t\t\t\t\t                    <\/div>\r\n                <\/div>\r\n            <\/div>\r\n        <\/section>\r\n        <!-- contact-section end -->\r\n\r\n        \t\t<\/div>\n\t\t\t\t<\/div>\n\t\t\t\t\t<\/div>\n\t\t<\/div>\n\t\t\t\t\t\t\t<\/div>\n\t\t<\/section>\n\t\t\t\t\t\t\t<\/div>\n\t\t","protected":false},"excerpt":{"rendered":"<p>Opal Contracts History Formed in 2005, Opal Contracts UK Ltd has grown year upon year. Within our team, we have over 60 years of solid industry experience. Established 2005 Family Run Business Excellent Track Record Many Esteemed Projects Proven Experience Our History Timeline 2005 &#8211; Opal Founded Our humble beginnings from an office above shops [&hellip;]<\/p>\n","protected":false},"author":1,"featured_media":0,"parent":0,"menu_order":0,"comment_status":"closed","ping_status":"closed","template":"tpl-default-elementor.php","meta":{"om_disable_all_campaigns":false,"_monsterinsights_skip_tracking":false,"_monsterinsights_sitenote_active":false,"_monsterinsights_sitenote_note":"","_monsterinsights_sitenote_category":0},"aioseo_notices":[],"_links":{"self":[{"href":"https:\/\/opalcontracts.co.uk\/index.php\/wp-json\/wp\/v2\/pages\/288"}],"collection":[{"href":"https:\/\/opalcontracts.co.uk\/index.php\/wp-json\/wp\/v2\/pages"}],"about":[{"href":"https:\/\/opalcontracts.co.uk\/index.php\/wp-json\/wp\/v2\/types\/page"}],"author":[{"embeddable":true,"href":"https:\/\/opalcontracts.co.uk\/index.php\/wp-json\/wp\/v2\/users\/1"}],"replies":[{"embeddable":true,"href":"https:\/\/opalcontracts.co.uk\/index.php\/wp-json\/wp\/v2\/comments?post=288"}],"version-history":[{"count":0,"href":"https:\/\/opalcontracts.co.uk\/index.php\/wp-json\/wp\/v2\/pages\/288\/revisions"}],"wp:attachment":[{"href":"https:\/\/opalcontracts.co.uk\/index.php\/wp-json\/wp\/v2\/media?parent=288"}],"curies":[{"name":"wp","href":"https:\/\/api.w.org\/{rel}","templated":true}]}}